{"id":8702,"date":"2019-10-29T09:31:59","date_gmt":"2019-10-29T08:31:59","guid":{"rendered":"https:\/\/www.lesfleursdugolfe.com\/product\/%d8%b9%d8%b7%d8%b1-%d8%a8%d9%83%d8%a7%d8%b1%d8%a7-%d9%81%d8%a7%d9%86%d9%8a%d9%84%d8%a7-%d9%83%d9%84%d8%a7%d8%b3%d9%8a%d9%83-%d9%81%d8%a7%d9%86%d9%8a%d9%84%d8%a7-%d9%88%d8%a7%d9%84%d8%b9%d9%86\/"},"modified":"2026-04-22T19:27:00","modified_gmt":"2026-04-22T18:27:00","slug":"%d8%a8%d8%a7%d9%83%d8%a7%d8%b1%d8%a7-%d9%81%d8%a7%d9%86%d9%8a%d9%84%d9%8a%d8%a7","status":"publish","type":"product","link":"https:\/\/www.lesfleursdugolfe.com\/ar\/product\/%d8%a8%d8%a7%d9%83%d8%a7%d8%b1%d8%a7-%d9%81%d8%a7%d9%86%d9%8a%d9%84%d9%8a%d8%a7\/","title":{"rendered":"\u0628\u0643\u0627\u0631\u0627 \u0641\u0627\u0646\u064a\u0644\u0627 &#8211; \u0639\u0637\u0631 \u0628\u0627\u0644\u0641\u0627\u0646\u064a\u0644\u0627 \u0648 \u0627\u0644\u0639\u0646\u0628\u0631"},"content":{"rendered":"<h2><strong>Un tendre parfum vanille, un tr\u00e9sor voluptueux<\/strong><\/h2>\n<p><img decoding=\"async\" src=\"https:\/\/www.lesfleursdugolfe.com\/wp-content\/uploads\/2020\/03\/flacon-baccara-Vanille-240x300.jpeg\" alt=\"parfum \u00e0 la vanille baccara vanille dans une main\" width=\"116\" height=\"145\" \/><br \/>\nAvec sa composition harmonieuse et ses notes olfactives suaves, <strong>le parfum Baccara Vanille<\/strong> vient rendre hommage \u00e0 l\u2019une des collections les plus embl\u00e9matiques de la parfumerie orientale, Les Fleurs du Golfe.<br \/>\nLa confluence des vertus de ses <strong>quatre notes subtiles<\/strong>, la bergamote, les fleurs tropicales, l\u2019ambre et la vanille, transforme votre pr\u00e9sence en une v\u00e9ritable fresque de senteurs orientales ; un <strong>instant exquis<\/strong> pour ceux qui vous entourent.<\/p>\n<h2><strong>Un parfum oriental aux notes sensuelles<\/strong><\/h2>\n<p>Consid\u00e9r\u00e9 comme le <a href=\"https:\/\/www.youtube.com\/watch?v=x_poH49xFrE\" target=\"_blank\" rel=\"noopener\">best-seller des Fleurs du Golfe<\/a>, l&#8217;<strong>extrait de parfum vanille<\/strong> &#8220;Baccara Vanille&#8221; d\u00e9ploie des senteurs enivrantes de par son <strong>intensit\u00e9 <\/strong>et la fraicheur de sa note de t\u00eate, la bergamote.\u00a0Puis vient la <strong>douceur<\/strong> et la<strong> volupt\u00e9 florale<\/strong>\u00a0de sa note de c\u0153ur, les fleurs tropicales. Enfin, l\u2019ambiance ambr\u00e9e et vanill\u00e9e que procurent ses notes de fond \u00e9maneront de votre peau combl\u00e9e.<br \/>\nR\u00e9sultat : Un parfum \u00e0 la vanille id\u00e9al pour d\u00e9cupler la <strong>sensualit\u00e9<\/strong> de ceux et celles qui vous entourent.<\/p>\n<h2><strong>Un extrait de parfum mixte<\/strong><\/h2>\n<p><strong>S\u00e9duction<\/strong> et <strong>\u00e9l\u00e9gance<\/strong> sont les maitres-mots de cet <strong>extrait de parfum<\/strong> <strong>vanille<\/strong> qui fera succomber votre entourage aux irr\u00e9sistibles et myst\u00e9rieux d\u00e9lices de l\u2019Orient.<br \/>\nUn <strong>sillage exotique<\/strong>, aux effluves affriolantes gage d&#8217;une <strong>aura envo\u00fbtante<\/strong>.<br \/>\nLe voici dans son habillage le plus abouti, notre <strong><a href=\"https:\/\/www.lesfleursdugolfe.com\/categorie-produit\/parfums\/flacon-dexception\/\">flacon d\u2019exception<\/a>.<\/strong><\/p>\n","protected":false},"excerpt":{"rendered":"<p><strong>\u0645\u0642\u062f\u0645\u0629 \u0627\u0644\u0639\u0637\u0631<\/strong> : \u0628\u0631\u063a\u0645\u0648\u062a<br \/>\n<strong>\u0642\u0644\u0628 \u0627\u0644\u0639\u0637\u0631<\/strong>: \u0623\u0632\u0647\u0627\u0631 \u0627\u0633\u062a\u0648\u0627\u0626\u064a\u0629<br \/>\n<strong>\u062e\u0627\u062a\u0645\u0629 \u0627\u0644\u0639\u0637\u0631<\/strong>: \u0639\u0646\u0628\u0631, \u0641\u0627\u0646\u064a\u0644\u0627<\/p>\n<p>\u062e\u0644\u0627\u0635\u0629 \u0627\u0644\u0639\u0637\u0631 &#8211; \u0645\u062e\u062a\u0644\u0637 &#8211; 50 \u0645\u0644<\/p>\n","protected":false},"featured_media":8707,"template":"","meta":{"_acf_changed":false,"jetpack_post_was_ever_published":false},"product_brand":[],"product_cat":[308],"product_tag":[217,218,222,221,215,216],"class_list":{"0":"post-8702","1":"product","2":"type-product","3":"status-publish","4":"has-post-thumbnail","6":"product_cat-308","7":"product_tag-217","8":"product_tag-218","9":"product_tag-222","10":"product_tag-221","11":"product_tag-215","12":"product_tag-216","14":"first","15":"instock","16":"shipping-taxable","17":"purchasable","18":"product-type-simple"},"supplier_id":null,"supplier_sku":"","barcode":null,"atum_controlled":true,"out_stock_date":null,"out_stock_threshold":null,"inheritable":false,"inbound_stock":0,"stock_on_hold":11,"sold_today":2,"sales_last_days":4,"reserved_stock":0,"customer_returns":0,"warehouse_damage":0,"lost_in_post":0,"other_logs":0,"out_stock_days":0,"lost_sales":0,"has_location":false,"update_date":"2026-04-24T11:47:52","atum_locations":[],"atum_stock_status":"instock","restock_status":true,"low_stock_amount":"","sales_update_date":"2026-04-24T11:47:52","calc_backorders":0,"acf":[],"jetpack_sharing_enabled":true,"_links":{"self":[{"href":"https:\/\/www.lesfleursdugolfe.com\/ar\/wp-json\/wp\/v2\/product\/8702","targetHints":{"allow":["GET"]}}],"collection":[{"href":"https:\/\/www.lesfleursdugolfe.com\/ar\/wp-json\/wp\/v2\/product"}],"about":[{"href":"https:\/\/www.lesfleursdugolfe.com\/ar\/wp-json\/wp\/v2\/types\/product"}],"version-history":[{"count":0,"href":"https:\/\/www.lesfleursdugolfe.com\/ar\/wp-json\/wp\/v2\/product\/8702\/revisions"}],"wp:featuredmedia":[{"embeddable":true,"href":"https:\/\/www.lesfleursdugolfe.com\/ar\/wp-json\/wp\/v2\/media\/8707"}],"wp:attachment":[{"href":"https:\/\/www.lesfleursdugolfe.com\/ar\/wp-json\/wp\/v2\/media?parent=8702"}],"wp:term":[{"taxonomy":"product_brand","embeddable":true,"href":"https:\/\/www.lesfleursdugolfe.com\/ar\/wp-json\/wp\/v2\/product_brand?post=8702"},{"taxonomy":"product_cat","embeddable":true,"href":"https:\/\/www.lesfleursdugolfe.com\/ar\/wp-json\/wp\/v2\/product_cat?post=8702"},{"taxonomy":"product_tag","embeddable":true,"href":"https:\/\/www.lesfleursdugolfe.com\/ar\/wp-json\/wp\/v2\/product_tag?post=8702"}],"curies":[{"name":"wp","href":"https:\/\/api.w.org\/{rel}","templated":true}]}}