{"id":13530,"date":"2023-07-16T22:48:31","date_gmt":"2023-07-16T21:48:31","guid":{"rendered":"https:\/\/www.lesfleursdugolfe.com\/materias-primas-de-perfumes-v2\/"},"modified":"2023-07-17T00:11:28","modified_gmt":"2023-07-16T23:11:28","slug":"materias-primas-de-perfumes-v2","status":"publish","type":"page","link":"https:\/\/www.lesfleursdugolfe.com\/es\/materias-primas-de-perfumes-v2\/","title":{"rendered":"Materias primas de perfumes"},"content":{"rendered":"\t\t<div data-elementor-type=\"wp-page\" data-elementor-id=\"13530\" class=\"elementor elementor-13530 elementor-12189\" data-elementor-post-type=\"page\">\n\t\t\t\t\t\t<section class=\"elementor-section elementor-top-section elementor-element elementor-element-f4372a0 elementor-section-boxed elementor-section-height-default elementor-section-height-default\" data-id=\"f4372a0\" data-element_type=\"section\">\n\t\t\t\t\t\t<div class=\"elementor-container elementor-column-gap-default\">\n\t\t\t\t\t<div class=\"elementor-column elementor-col-100 elementor-top-column elementor-element elementor-element-aadda1a\" data-id=\"aadda1a\" data-element_type=\"column\">\n\t\t\t<div class=\"elementor-widget-wrap elementor-element-populated\">\n\t\t\t\t\t\t<div class=\"elementor-element elementor-element-c7b1973 elementor-widget elementor-widget-heading\" data-id=\"c7b1973\" data-element_type=\"widget\" data-widget_type=\"heading.default\">\n\t\t\t\t<div class=\"elementor-widget-container\">\n\t\t\t\t\t<h2 class=\"elementor-heading-title elementor-size-default\">Materias primas de perfumer\u00eda<\/h2>\t\t\t\t<\/div>\n\t\t\t\t<\/div>\n\t\t\t\t<div class=\"elementor-element elementor-element-42f3e94 elementor-widget elementor-widget-text-editor\" data-id=\"42f3e94\" data-element_type=\"widget\" data-widget_type=\"text-editor.default\">\n\t\t\t\t<div class=\"elementor-widget-container\">\n\t\t\t\t\t\t\t\t\t<p><span style=\"font-weight: 400;\">Bienvenido a nuestra p\u00e1gina dedicada a las materias primas en perfumer\u00eda. Le ofrecemos una exploraci\u00f3n completa de los ingredientes clave utilizados en la creaci\u00f3n de perfumes. Descubra las esencias naturales y sint\u00e9ticas m\u00e1s buscadas, sum\u00e9rjase en descripciones detalladas de materias primas de perfumer\u00eda como el jazm\u00edn, la vainilla, el pachul\u00ed y el \u00e1mbar, y aprenda c\u00f3mo estas notas se unen para formar acordes olfativos \u00fanicos.<\/span><\/p>\n\t\t\t\t\t\t\t\t<\/div>\n\t\t\t\t<\/div>\n\t\t\t\t<div class=\"elementor-element elementor-element-8e5c954 elementor-grid-3 elementor-grid-tablet-2 elementor-grid-mobile-1 elementor-widget elementor-widget-loop-grid\" data-id=\"8e5c954\" data-element_type=\"widget\" data-settings=\"{&quot;template_id&quot;:13548,&quot;pagination_type&quot;:&quot;numbers&quot;,&quot;_skin&quot;:&quot;post&quot;,&quot;columns&quot;:&quot;3&quot;,&quot;columns_tablet&quot;:&quot;2&quot;,&quot;columns_mobile&quot;:&quot;1&quot;,&quot;edit_handle_selector&quot;:&quot;[data-elementor-type=\\&quot;loop-item\\&quot;]&quot;,&quot;pagination_load_type&quot;:&quot;page_reload&quot;,&quot;row_gap&quot;:{&quot;unit&quot;:&quot;px&quot;,&quot;size&quot;:&quot;&quot;,&quot;sizes&quot;:[]},&quot;row_gap_tablet&quot;:{&quot;unit&quot;:&quot;px&quot;,&quot;size&quot;:&quot;&quot;,&quot;sizes&quot;:[]},&quot;row_gap_mobile&quot;:{&quot;unit&quot;:&quot;px&quot;,&quot;size&quot;:&quot;&quot;,&quot;sizes&quot;:[]}}\" data-widget_type=\"loop-grid.post\">\n\t\t\t\t<div class=\"elementor-widget-container\">\n\t\t\t\t\t\t\t<div class=\"elementor-loop-container elementor-grid\" role=\"list\">\n\t\t<style id=\"loop-13548\">.elementor-13548 .elementor-element.elementor-element-190ddb1.elementor-column > .elementor-widget-wrap{justify-content:center;}.elementor-13548 .elementor-element.elementor-element-823e9fd{text-align:center;}.elementor-13548 .elementor-element.elementor-element-823e9fd img{width:90%;max-width:90%;height:320px;object-fit:cover;object-position:center center;border-style:solid;border-width:8px 8px 8px 8px;border-color:var( --e-global-color-primary );border-radius:0px 0px 0px 0px;}.elementor-13548 .elementor-element.elementor-element-3d9f400{width:auto;max-width:auto;}.elementor-13548 .elementor-element.elementor-element-3d9f400 > .elementor-widget-container{background-color:var( --e-global-color-secondary );margin:-41px 0px 020px 0px;padding:8px 12px 8px 12px;}.elementor-13548 .elementor-element.elementor-element-3d9f400 .elementor-icon-list-icon{width:14px;}.elementor-13548 .elementor-element.elementor-element-3d9f400 .elementor-icon-list-icon i{font-size:14px;}.elementor-13548 .elementor-element.elementor-element-3d9f400 .elementor-icon-list-icon svg{--e-icon-list-icon-size:14px;}.elementor-13548 .elementor-element.elementor-element-3d9f400 .elementor-icon-list-text, .elementor-13548 .elementor-element.elementor-element-3d9f400 .elementor-icon-list-text a{color:var( --e-global-color-primary );}.elementor-13548 .elementor-element.elementor-element-3d9f400 .elementor-icon-list-item{font-family:\"Lora\", Sans-serif;font-size:12px;font-weight:600;}.elementor-13548 .elementor-element.elementor-element-0bdc4b2{margin-top:-10px;margin-bottom:0px;}.elementor-13548 .elementor-element.elementor-element-009c531 > .elementor-element-populated{padding:10px 15px 0px 15px;}.elementor-13548 .elementor-element.elementor-element-3640b27{text-align:center;}.elementor-13548 .elementor-element.elementor-element-3640b27 .elementor-heading-title{font-family:\"Lora\", Sans-serif;font-size:16px;font-weight:700;text-decoration:none;line-height:20px;color:var( --e-global-color-primary );}.elementor-13548 .elementor-element.elementor-element-93ba537{text-align:justify;}.elementor-13548 .elementor-element.elementor-element-93ba537 .elementor-heading-title{font-family:\"Lora\", Sans-serif;font-size:12px;font-weight:500;text-transform:none;line-height:18px;color:#131A42C4;}.elementor-bc-flex-widget .elementor-13548 .elementor-element.elementor-element-5842d35.elementor-column .elementor-widget-wrap{align-items:center;}.elementor-13548 .elementor-element.elementor-element-5842d35.elementor-column.elementor-element[data-element_type=\"column\"] > .elementor-widget-wrap.elementor-element-populated{align-content:center;align-items:center;}.elementor-13548 .elementor-element.elementor-element-68bc4d0{text-align:left;}.elementor-13548 .elementor-element.elementor-element-68bc4d0 .elementor-heading-title{font-family:\"Lora\", Sans-serif;font-size:14px;font-weight:600;text-transform:capitalize;}.elementor-bc-flex-widget .elementor-13548 .elementor-element.elementor-element-11bf6a1.elementor-column .elementor-widget-wrap{align-items:center;}.elementor-13548 .elementor-element.elementor-element-11bf6a1.elementor-column.elementor-element[data-element_type=\"column\"] > .elementor-widget-wrap.elementor-element-populated{align-content:center;align-items:center;}.elementor-13548 .elementor-element.elementor-element-11bf6a1.elementor-column > .elementor-widget-wrap{justify-content:flex-end;}.elementor-13548 .elementor-element.elementor-element-a51e2cb{width:auto;max-width:auto;text-align:right;}.elementor-13548 .elementor-element.elementor-element-a51e2cb:hover .elementor-widget-container{background-color:var( --e-global-color-secondary );}.elementor-13548 .elementor-element.elementor-element-a51e2cb > .elementor-widget-container{padding:8px 12px 8px 12px;}.elementor-13548 .elementor-element.elementor-element-a51e2cb .elementor-heading-title{font-family:\"Playfair Display\", Sans-serif;font-size:14px;font-weight:600;text-transform:none;}@media(max-width:1024px){.elementor-13548 .elementor-element.elementor-element-3640b27 .elementor-heading-title{font-size:14px;}}@media(max-width:767px){.elementor-13548 .elementor-element.elementor-element-5842d35{width:60%;}.elementor-13548 .elementor-element.elementor-element-11bf6a1{width:40%;}}@media(min-width:768px){.elementor-13548 .elementor-element.elementor-element-5842d35{width:63.179%;}.elementor-13548 .elementor-element.elementor-element-11bf6a1{width:36.659%;}}\/* Start custom CSS for theme-post-title, class: .elementor-element-3640b27 *\/.elementor-widget-heading .elementor-heading-title[class*=elementor-size-]>a{\n    text-decoration: none;\n    font-weight: 500;\n}\/* End custom CSS *\/<\/style>\t\t<div data-elementor-type=\"loop-item\" data-elementor-id=\"13548\" class=\"elementor elementor-13548 elementor-12247 e-loop-item e-loop-item-13724 post-13724 post type-post status-publish format-standard has-post-thumbnail hentry category-materias-primas-de-perfumeria\" data-elementor-post-type=\"elementor_library\" data-custom-edit-handle=\"1\">\n\t\t\t\t\t<section class=\"elementor-section elementor-top-section elementor-element elementor-element-e1246db elementor-section-boxed elementor-section-height-default elementor-section-height-default\" data-id=\"e1246db\" data-element_type=\"section\">\n\t\t\t\t\t\t<div class=\"elementor-container elementor-column-gap-default\">\n\t\t\t\t\t<div class=\"elementor-column elementor-col-100 elementor-top-column elementor-element elementor-element-190ddb1\" data-id=\"190ddb1\" data-element_type=\"column\">\n\t\t\t<div class=\"elementor-widget-wrap elementor-element-populated\">\n\t\t\t\t\t\t<div class=\"elementor-element elementor-element-823e9fd elementor-widget elementor-widget-theme-post-featured-image elementor-widget-image\" data-id=\"823e9fd\" data-element_type=\"widget\" data-widget_type=\"theme-post-featured-image.default\">\n\t\t\t\t<div class=\"elementor-widget-container\">\n\t\t\t\t\t\t\t\t\t\t\t\t\t\t\t<img fetchpriority=\"high\" decoding=\"async\" width=\"640\" height=\"323\" src=\"https:\/\/www.lesfleursdugolfe.com\/wp-content\/uploads\/2021\/09\/vanille.jpg\" class=\"attachment-large size-large wp-image-7445\" alt=\"La vanille en parfumerie, une mati\u00e8re premi\u00e8re de qualit\u00e9.\" srcset=\"https:\/\/www.lesfleursdugolfe.com\/wp-content\/uploads\/2021\/09\/vanille.jpg 640w, https:\/\/www.lesfleursdugolfe.com\/wp-content\/uploads\/2021\/09\/vanille-300x151.jpg 300w, https:\/\/www.lesfleursdugolfe.com\/wp-content\/uploads\/2021\/09\/vanille-600x303.jpg 600w\" sizes=\"(max-width: 640px) 100vw, 640px\" \/>\t\t\t\t\t\t\t\t\t\t\t\t\t\t\t<\/div>\n\t\t\t\t<\/div>\n\t\t\t\t<div class=\"elementor-element elementor-element-3d9f400 elementor-align-center elementor-widget__width-auto elementor-widget elementor-widget-post-info\" data-id=\"3d9f400\" data-element_type=\"widget\" data-widget_type=\"post-info.default\">\n\t\t\t\t<div class=\"elementor-widget-container\">\n\t\t\t\t\t\t\t<ul class=\"elementor-inline-items elementor-icon-list-items elementor-post-info\">\n\t\t\t\t\t\t\t\t<li class=\"elementor-icon-list-item elementor-repeater-item-a904176 elementor-inline-item\" itemprop=\"about\">\n\t\t\t\t\t\t\t\t\t\t\t\t\t<span class=\"elementor-icon-list-text elementor-post-info__item elementor-post-info__item--type-terms\">\n\t\t\t\t\t\t\t\t\t\t<span class=\"elementor-post-info__terms-list\">\n\t\t\t\t<span class=\"elementor-post-info__terms-list-item\">Materias primas de perfumer\u00eda<\/span>\t\t\t\t<\/span>\n\t\t\t\t\t<\/span>\n\t\t\t\t\t\t\t\t<\/li>\n\t\t\t\t<\/ul>\n\t\t\t\t\t\t<\/div>\n\t\t\t\t<\/div>\n\t\t\t\t<section class=\"elementor-section elementor-inner-section elementor-element elementor-element-0bdc4b2 elementor-section-boxed elementor-section-height-default elementor-section-height-default\" data-id=\"0bdc4b2\" data-element_type=\"section\">\n\t\t\t\t\t\t<div class=\"elementor-container elementor-column-gap-default\">\n\t\t\t\t\t<div class=\"elementor-column elementor-col-100 elementor-inner-column elementor-element elementor-element-009c531\" data-id=\"009c531\" data-element_type=\"column\">\n\t\t\t<div class=\"elementor-widget-wrap elementor-element-populated\">\n\t\t\t\t\t\t<div class=\"elementor-element elementor-element-3640b27 elementor-widget elementor-widget-theme-post-title elementor-page-title elementor-widget-heading\" data-id=\"3640b27\" data-element_type=\"widget\" data-widget_type=\"theme-post-title.default\">\n\t\t\t\t<div class=\"elementor-widget-container\">\n\t\t\t\t\t<h1 class=\"elementor-heading-title elementor-size-default\"><a href=\"https:\/\/www.lesfleursdugolfe.com\/es\/vainilla-en-perfumeria-preciosas-vainas-con-olores-adictivos\/\">Vainilla en perfumer\u00eda: preciosas vainas con olores adictivos<\/a><\/h1>\t\t\t\t<\/div>\n\t\t\t\t<\/div>\n\t\t\t\t<div class=\"elementor-element elementor-element-93ba537 elementor-widget elementor-widget-heading\" data-id=\"93ba537\" data-element_type=\"widget\" data-widget_type=\"heading.default\">\n\t\t\t\t<div class=\"elementor-widget-container\">\n\t\t\t\t\t<h2 class=\"elementor-heading-title elementor-size-default\"><p>\u00bfAlguna vez has probado un oler ? En pocas palabras, \u00bfalguna vez has olido un sabor? \u00bfSorprendido por estas preguntas? No se preocupe, este ox\u00edmoron<\/h2>\t\t\t\t<\/div>\n\t\t\t\t<\/div>\n\t\t\t\t\t<\/div>\n\t\t<\/div>\n\t\t\t\t\t<\/div>\n\t\t<\/section>\n\t\t\t\t<section class=\"elementor-section elementor-inner-section elementor-element elementor-element-66b6e89 elementor-section-boxed elementor-section-height-default elementor-section-height-default\" data-id=\"66b6e89\" data-element_type=\"section\">\n\t\t\t\t\t\t<div class=\"elementor-container elementor-column-gap-default\">\n\t\t\t\t\t<div class=\"elementor-column elementor-col-50 elementor-inner-column elementor-element elementor-element-5842d35\" data-id=\"5842d35\" data-element_type=\"column\">\n\t\t\t<div class=\"elementor-widget-wrap elementor-element-populated\">\n\t\t\t\t\t\t<div class=\"elementor-element elementor-element-68bc4d0 elementor-widget elementor-widget-heading\" data-id=\"68bc4d0\" data-element_type=\"widget\" data-widget_type=\"heading.default\">\n\t\t\t\t<div class=\"elementor-widget-container\">\n\t\t\t\t\t<h2 class=\"elementor-heading-title elementor-size-default\">julio 17, 2023<\/h2>\t\t\t\t<\/div>\n\t\t\t\t<\/div>\n\t\t\t\t\t<\/div>\n\t\t<\/div>\n\t\t\t\t<div class=\"elementor-column elementor-col-50 elementor-inner-column elementor-element elementor-element-11bf6a1\" data-id=\"11bf6a1\" data-element_type=\"column\">\n\t\t\t<div class=\"elementor-widget-wrap elementor-element-populated\">\n\t\t\t\t\t\t<div class=\"elementor-element elementor-element-a51e2cb elementor-widget__width-auto elementor-widget elementor-widget-heading\" data-id=\"a51e2cb\" data-element_type=\"widget\" data-widget_type=\"heading.default\">\n\t\t\t\t<div class=\"elementor-widget-container\">\n\t\t\t\t\t<h2 class=\"elementor-heading-title elementor-size-default\"><a href=\"https:\/\/www.lesfleursdugolfe.com\/es\/vainilla-en-perfumeria-preciosas-vainas-con-olores-adictivos\/\">Ver m\u00e1s<\/a><\/h2>\t\t\t\t<\/div>\n\t\t\t\t<\/div>\n\t\t\t\t\t<\/div>\n\t\t<\/div>\n\t\t\t\t\t<\/div>\n\t\t<\/section>\n\t\t\t\t\t<\/div>\n\t\t<\/div>\n\t\t\t\t\t<\/div>\n\t\t<\/section>\n\t\t\t\t<\/div>\n\t\t\t\t<\/div>\n\t\t\n\t\t\t\t\t\t<\/div>\n\t\t\t\t<\/div>\n\t\t\t\t\t<\/div>\n\t\t<\/div>\n\t\t\t\t\t<\/div>\n\t\t<\/section>\n\t\t\t\t<\/div>\n\t\t","protected":false},"excerpt":{"rendered":"<p>Materias primas de perfumer\u00eda Bienvenido a nuestra p\u00e1gina dedicada a las materias primas en perfumer\u00eda. Le ofrecemos una exploraci\u00f3n completa de los ingredientes clave utilizados en la creaci\u00f3n de perfumes. Descubra las esencias naturales y sint\u00e9ticas m\u00e1s buscadas, sum\u00e9rjase en descripciones detalladas de materias primas de perfumer\u00eda como el jazm\u00edn, la vainilla, el pachul\u00ed y [&hellip;]<\/p>\n","protected":false},"author":1567,"featured_media":0,"parent":0,"menu_order":0,"comment_status":"closed","ping_status":"closed","template":"elementor_header_footer","meta":{"_acf_changed":false,"jetpack_post_was_ever_published":false,"footnotes":""},"class_list":["post-13530","page","type-page","status-publish","hentry"],"acf":[],"jetpack_sharing_enabled":true,"jetpack_shortlink":"https:\/\/wp.me\/Pbt4mR-3we","_links":{"self":[{"href":"https:\/\/www.lesfleursdugolfe.com\/es\/wp-json\/wp\/v2\/pages\/13530","targetHints":{"allow":["GET"]}}],"collection":[{"href":"https:\/\/www.lesfleursdugolfe.com\/es\/wp-json\/wp\/v2\/pages"}],"about":[{"href":"https:\/\/www.lesfleursdugolfe.com\/es\/wp-json\/wp\/v2\/types\/page"}],"author":[{"embeddable":true,"href":"https:\/\/www.lesfleursdugolfe.com\/es\/wp-json\/wp\/v2\/users\/1567"}],"replies":[{"embeddable":true,"href":"https:\/\/www.lesfleursdugolfe.com\/es\/wp-json\/wp\/v2\/comments?post=13530"}],"version-history":[{"count":0,"href":"https:\/\/www.lesfleursdugolfe.com\/es\/wp-json\/wp\/v2\/pages\/13530\/revisions"}],"wp:attachment":[{"href":"https:\/\/www.lesfleursdugolfe.com\/es\/wp-json\/wp\/v2\/media?parent=13530"}],"curies":[{"name":"wp","href":"https:\/\/api.w.org\/{rel}","templated":true}]}}