{"id":13538,"date":"2023-07-16T22:53:46","date_gmt":"2023-07-16T21:53:46","guid":{"rendered":"https:\/\/www.lesfleursdugolfe.com\/perfumes-mixtos-v2\/"},"modified":"2023-07-17T00:12:14","modified_gmt":"2023-07-16T23:12:14","slug":"perfumes-mixtos-v2","status":"publish","type":"page","link":"https:\/\/www.lesfleursdugolfe.com\/es\/perfumes-mixtos-v2\/","title":{"rendered":"Perfumes Mixtos"},"content":{"rendered":"\t\t<div data-elementor-type=\"wp-page\" data-elementor-id=\"13538\" class=\"elementor elementor-13538 elementor-12115\" data-elementor-post-type=\"page\">\n\t\t\t\t\t\t<section class=\"elementor-section elementor-top-section elementor-element elementor-element-f26a132 elementor-section-boxed elementor-section-height-default elementor-section-height-default\" data-id=\"f26a132\" data-element_type=\"section\">\n\t\t\t\t\t\t<div class=\"elementor-container elementor-column-gap-default\">\n\t\t\t\t\t<div class=\"elementor-column elementor-col-100 elementor-top-column elementor-element elementor-element-62e9042\" data-id=\"62e9042\" data-element_type=\"column\">\n\t\t\t<div class=\"elementor-widget-wrap elementor-element-populated\">\n\t\t\t\t\t\t<div class=\"elementor-element elementor-element-2ef4f25 elementor-widget elementor-widget-heading\" data-id=\"2ef4f25\" data-element_type=\"widget\" data-widget_type=\"heading.default\">\n\t\t\t\t<div class=\"elementor-widget-container\">\n\t\t\t\t\t<h2 class=\"elementor-heading-title elementor-size-default\">Perfumes Mixtos<\/h2>\t\t\t\t<\/div>\n\t\t\t\t<\/div>\n\t\t\t\t<div class=\"elementor-element elementor-element-e3e848e elementor-widget elementor-widget-heading\" data-id=\"e3e848e\" data-element_type=\"widget\" data-widget_type=\"heading.default\">\n\t\t\t\t<div class=\"elementor-widget-container\">\n\t\t\t\t\t<h2 class=\"elementor-heading-title elementor-size-default\">En Oriente, no se asigna ninguna nota a un g\u00e9nero. Encuentra esta experiencia olfativa \u00fanica en la selecci\u00f3n de fragancias orientales unisex de Les Fleurs du Golfe. D\u00e9jate encantar por fragancias que cautivan el esp\u00edritu y despiertan los sentidos; la perfecta armon\u00eda entre fuerza y \u200b\u200bdelicadeza.<\/h2>\t\t\t\t<\/div>\n\t\t\t\t<\/div>\n\t\t\t\t<div class=\"woocommerce elementor-element elementor-element-b58b17d elementor-grid-3 elementor-grid-tablet-2 elementor-grid-mobile-1 elementor-widget elementor-widget-loop-grid\" data-id=\"b58b17d\" data-element_type=\"widget\" data-settings=\"{&quot;_skin&quot;:&quot;product&quot;,&quot;template_id&quot;:13554,&quot;columns&quot;:&quot;3&quot;,&quot;columns_tablet&quot;:&quot;2&quot;,&quot;columns_mobile&quot;:&quot;1&quot;,&quot;edit_handle_selector&quot;:&quot;[data-elementor-type=\\&quot;loop-item\\&quot;]&quot;,&quot;row_gap&quot;:{&quot;unit&quot;:&quot;px&quot;,&quot;size&quot;:&quot;&quot;,&quot;sizes&quot;:[]},&quot;row_gap_tablet&quot;:{&quot;unit&quot;:&quot;px&quot;,&quot;size&quot;:&quot;&quot;,&quot;sizes&quot;:[]},&quot;row_gap_mobile&quot;:{&quot;unit&quot;:&quot;px&quot;,&quot;size&quot;:&quot;&quot;,&quot;sizes&quot;:[]}}\" data-widget_type=\"loop-grid.product\">\n\t\t\t\t<div class=\"elementor-widget-container\">\n\t\t\t\t\t\t\t<div class=\"e-loop-nothing-found-message\">\n\t\t<\/div>\n\t\t\t\t\t\t<\/div>\n\t\t\t\t<\/div>\n\t\t\t\t\t<\/div>\n\t\t<\/div>\n\t\t\t\t\t<\/div>\n\t\t<\/section>\n\t\t\t\t<\/div>\n\t\t","protected":false},"excerpt":{"rendered":"<p>Perfumes Mixtos En Oriente, no se asigna ninguna nota a un g\u00e9nero. Encuentra esta experiencia olfativa \u00fanica en la selecci\u00f3n de fragancias orientales unisex de Les Fleurs du Golfe. D\u00e9jate encantar por fragancias que cautivan el esp\u00edritu y despiertan los sentidos; la perfecta armon\u00eda entre fuerza y \u200b\u200bdelicadeza.<\/p>\n","protected":false},"author":1567,"featured_media":0,"parent":0,"menu_order":0,"comment_status":"closed","ping_status":"closed","template":"","meta":{"_acf_changed":false,"jetpack_post_was_ever_published":false,"footnotes":""},"class_list":["post-13538","page","type-page","status-publish","hentry"],"acf":[],"jetpack_sharing_enabled":true,"jetpack_shortlink":"https:\/\/wp.me\/Pbt4mR-3wm","_links":{"self":[{"href":"https:\/\/www.lesfleursdugolfe.com\/es\/wp-json\/wp\/v2\/pages\/13538","targetHints":{"allow":["GET"]}}],"collection":[{"href":"https:\/\/www.lesfleursdugolfe.com\/es\/wp-json\/wp\/v2\/pages"}],"about":[{"href":"https:\/\/www.lesfleursdugolfe.com\/es\/wp-json\/wp\/v2\/types\/page"}],"author":[{"embeddable":true,"href":"https:\/\/www.lesfleursdugolfe.com\/es\/wp-json\/wp\/v2\/users\/1567"}],"replies":[{"embeddable":true,"href":"https:\/\/www.lesfleursdugolfe.com\/es\/wp-json\/wp\/v2\/comments?post=13538"}],"version-history":[{"count":0,"href":"https:\/\/www.lesfleursdugolfe.com\/es\/wp-json\/wp\/v2\/pages\/13538\/revisions"}],"wp:attachment":[{"href":"https:\/\/www.lesfleursdugolfe.com\/es\/wp-json\/wp\/v2\/media?parent=13538"}],"curies":[{"name":"wp","href":"https:\/\/api.w.org\/{rel}","templated":true}]}}