{"id":6887,"date":"2020-11-19T21:37:41","date_gmt":"2020-11-19T20:37:41","guid":{"rendered":"https:\/\/www.lesfleursdugolfe.com\/product\/cereza-de-cachemira-cereza-vainilla-y-ambar\/"},"modified":"2026-04-22T19:26:16","modified_gmt":"2026-04-22T18:26:16","slug":"perfume-a-la-cerise","status":"publish","type":"product","link":"https:\/\/www.lesfleursdugolfe.com\/es\/producto\/perfume-a-la-cerise\/","title":{"rendered":"Cherry of Cashmere \u2013 Cereza, Vainilla y \u00c1mbar"},"content":{"rendered":"<h2>Un aroma a cereza, dulce tesoro olfativo<\/h2>\n<p>En la encrucijada de los mundos, entre la India, China y las lejanas tierras <a href=\"https:\/\/goo.gl\/maps\/eFhJNy5icRfQdMT76\" target=\"_blank\" rel=\"noopener\"><br \/>\n  <strong>orientales, se posa Cachemira,<\/strong><br \/>\n<\/a>una regi\u00f3n milenario y fascinante.<\/p>\n<p><img fetchpriority=\"high\" decoding=\"async\" class=\"alignright wp-image-6895 size-medium\" src=\"https:\/\/www.lesfleursdugolfe.com\/wp-content\/uploads\/2020\/11\/parfum-oriental-cherry-of-cashmere-sur-fond-mineraux-300x200.jpg\" alt=\"aroma de cereza Cereza de Cachemira puesta cerca de las piedras\" width=\"300\" height=\"200\" srcset=\"https:\/\/www.lesfleursdugolfe.com\/wp-content\/uploads\/2020\/11\/parfum-oriental-cherry-of-cashmere-sur-fond-mineraux-300x200.jpg 300w, https:\/\/www.lesfleursdugolfe.com\/wp-content\/uploads\/2020\/11\/parfum-oriental-cherry-of-cashmere-sur-fond-mineraux-1024x683.jpg 1024w, https:\/\/www.lesfleursdugolfe.com\/wp-content\/uploads\/2020\/11\/parfum-oriental-cherry-of-cashmere-sur-fond-mineraux-768x512.jpg 768w, https:\/\/www.lesfleursdugolfe.com\/wp-content\/uploads\/2020\/11\/parfum-oriental-cherry-of-cashmere-sur-fond-mineraux-600x400.jpg 600w, https:\/\/www.lesfleursdugolfe.com\/wp-content\/uploads\/2020\/11\/parfum-oriental-cherry-of-cashmere-sur-fond-mineraux.jpg 1200w\" sizes=\"(max-width: 300px) 100vw, 300px\" \/><\/p>\n<p>Es en las estribaciones del Himalaya, donde queda un <strong>raro aire limpio<\/strong> donde florecen los mejores aromas de nuestro <strong>mundo.<\/strong> Esta regi\u00f3n encantada ha visto pasar los tesoros olfativos m\u00e1s codiciados en sus antiguas rutas comerciales.<\/p>\n<p>Los \u00e1rboles m\u00e1s raros se conservan all\u00ed y prados de <strong>kil\u00f3metros y flores<\/strong> radiantes abrazan su mirada hasta donde el ojo puede ver &#8230;<\/p>\n<p>Pr\u00edncipes y reyes de Europa han multiplicado los convoyes en busca de estos <strong>excepcionales olores.<\/strong> La colecci\u00f3n <a href=\"https:\/\/www.lesfleursdugolfe.com\/categorie-produit\/parfums\/flacon-dexception\/les-princes-du-golfe\/\">Princes of the Gulf<\/a> te sumerge en este fabuloso universo.<\/p>\n<p>En sus paladares antiguos se sirven las frutas regionales m\u00e1s <strong>exquisitas:<\/strong> cerezas con notas agrias, frutos rojos gourmet, mandarinas jugosas y espumosas&#8230; Nada es demasiado bueno para <strong>honrar su visita<\/strong> tan pronto como llegue.<\/p>\n<h2>Un aroma oriental con vainilla, ante y \u00e1mbar<\/h2>\n<p>Pero es en los <strong>tesoros de estos palacios secretos<\/strong> que se te mostrar\u00e1n los aromas m\u00e1s exclusivos de Cherry of Cashmere: la <strong>intensa vainilla<\/strong> que contiene, su ante <strong>blanco<\/strong> profundo y su sutil <strong>\u00e1mbar.<\/strong> Estas notas orientales dar\u00e1n testimonio de este <strong>viaje<\/strong> dondequiera que lleves tu aroma de los Pr\u00edncipes del Golfo.<\/p>\n","protected":false},"excerpt":{"rendered":"<p><strong>Nota de salida:<\/strong> Mandarina, Cerezas, Frutos rojos<br \/>\n<strong>Nota de coraz\u00f3n:<\/strong> Pachul\u00ed<br \/>\n<strong>Nota de base:<\/strong> Vainilla, Gamba Blanca, \u00c1mbar<\/p>\n<p>Extracto de Perfume &#8211; Mezclado &#8211; 50 ml<\/p>\n","protected":false},"featured_media":11488,"template":"","meta":{"_acf_changed":false,"jetpack_post_was_ever_published":false},"product_brand":[],"product_cat":[319],"product_tag":[174,175,176,173,172,171],"class_list":{"0":"post-6887","1":"product","2":"type-product","3":"status-publish","4":"has-post-thumbnail","6":"product_cat-perfumes-mixtos","7":"product_tag-aroma-ambar","8":"product_tag-extracto-de-perfume","9":"product_tag-fragancia-de-gamba-blanca","10":"product_tag-fragancia-vainilla","11":"product_tag-perfume-hecho-en-francia","12":"product_tag-perfume-oriental","14":"first","15":"instock","16":"shipping-taxable","17":"purchasable","18":"product-type-simple"},"supplier_id":null,"supplier_sku":"","barcode":null,"atum_controlled":true,"out_stock_date":null,"out_stock_threshold":null,"inheritable":false,"inbound_stock":0,"stock_on_hold":0,"sold_today":0,"sales_last_days":0,"reserved_stock":0,"customer_returns":0,"warehouse_damage":0,"lost_in_post":0,"other_logs":0,"out_stock_days":0,"lost_sales":0,"has_location":false,"update_date":"2026-05-01T00:05:10","atum_locations":[],"atum_stock_status":"instock","restock_status":false,"low_stock_amount":"","sales_update_date":"2026-05-01T00:05:10","calc_backorders":0,"acf":[],"jetpack_sharing_enabled":true,"_links":{"self":[{"href":"https:\/\/www.lesfleursdugolfe.com\/es\/wp-json\/wp\/v2\/product\/6887","targetHints":{"allow":["GET"]}}],"collection":[{"href":"https:\/\/www.lesfleursdugolfe.com\/es\/wp-json\/wp\/v2\/product"}],"about":[{"href":"https:\/\/www.lesfleursdugolfe.com\/es\/wp-json\/wp\/v2\/types\/product"}],"version-history":[{"count":0,"href":"https:\/\/www.lesfleursdugolfe.com\/es\/wp-json\/wp\/v2\/product\/6887\/revisions"}],"wp:featuredmedia":[{"embeddable":true,"href":"https:\/\/www.lesfleursdugolfe.com\/es\/wp-json\/wp\/v2\/media\/11488"}],"wp:attachment":[{"href":"https:\/\/www.lesfleursdugolfe.com\/es\/wp-json\/wp\/v2\/media?parent=6887"}],"wp:term":[{"taxonomy":"product_brand","embeddable":true,"href":"https:\/\/www.lesfleursdugolfe.com\/es\/wp-json\/wp\/v2\/product_brand?post=6887"},{"taxonomy":"product_cat","embeddable":true,"href":"https:\/\/www.lesfleursdugolfe.com\/es\/wp-json\/wp\/v2\/product_cat?post=6887"},{"taxonomy":"product_tag","embeddable":true,"href":"https:\/\/www.lesfleursdugolfe.com\/es\/wp-json\/wp\/v2\/product_tag?post=6887"}],"curies":[{"name":"wp","href":"https:\/\/api.w.org\/{rel}","templated":true}]}}