{"id":6967,"date":"2021-04-15T15:25:12","date_gmt":"2021-08-13T21:16:34","guid":{"rendered":"https:\/\/www.lesfleursdugolfe.com\/product\/coco-du-yemen-ambar-vainilla-de-madagascar\/"},"modified":"2026-03-04T02:16:39","modified_gmt":"2026-03-04T01:16:39","slug":"perfume-coco-du-yemen","status":"publish","type":"product","link":"https:\/\/www.lesfleursdugolfe.com\/es\/producto\/perfume-coco-du-yemen\/","title":{"rendered":"Coco du Yemen &#8211; \u00c1mbar, Vainilla de Madagascar"},"content":{"rendered":"<h2>Coco du Yemen: Un para\u00edso de notas contrastantes<\/h2>\n<p>La pir\u00e1mide olfativa de esta <strong>fragancia oriental<\/strong> se abre con una nota de cabeza con un aroma tropical, <strong>coco,<\/strong>luego revela un coraz\u00f3n voluptuoso con <strong>vainilla de Madagascar,<\/strong>exaltado con toques orientales de<strong>\u00e1mbar de Yemen.<\/strong> Estos tres aromas casan perfectamente aqu\u00ed y dan a luz a una<strong> joya olfativa<\/strong> que es a la vez mixta y armoniosa.<\/p>\n<p>Tienes suficiente para vivir un verano con los aromas de las <strong>playas de arena blanca.<\/strong><\/p>\n<h2>Un aroma inquietante en la imagen de un viaje ex\u00f3tico<\/h2>\n<p>Como preludio, un aura suave exhalada por el <strong>coco<\/strong> te llevar\u00e1 por la punta de tu nariz a un oc\u00e9ano de fantas\u00edas y <strong>sensualidad.<\/strong> Luego, un viento de vainilla lo embarcar\u00e1 inmediatamente a un lugar austral, Madagascar y su singular <strong>nota de vainilla.<\/strong> Al final de esta odisea \u00fanica, su sentido del olfato se lavar\u00e1 en un pa\u00eds con aromas afriolantes, luminoso del famoso \u00abOro flotante\u00bb: el<strong>\u00e1mbar de Yemen.<\/strong><\/p>\n<p>El <strong>perfume Coco du Y\u00e9men<\/strong> nace de nuestra complicidad con la casa de modas <a href=\"https:\/\/www.instagram.com\/imm_couture\/?hl=fr\" target=\"_blank\" rel=\"noopener\"><strong>IMMCOUTURE<\/strong><\/a>. Su perfumista <strong>Chantra IM<\/strong> se ha fijado el objetivo de cautivarte por la estela magn\u00e9tica <strong>del coco,<\/strong>la sensual <strong>vainilla de Madagascar<\/strong> y su <strong>\u00e1mbar de Yemen<\/strong> cargado de misterios. Una sinfon\u00eda h\u00edbrida de sorprendente equilibrio.<\/p>\n<h2>Un homenaje a las tradiciones orientales de la perfumer\u00eda<\/h2>\n<p>A trav\u00e9s<strong> de Coco du Y\u00e9men,<\/strong>te invitamos en un viaje olfativo a tierras lejanas donde las renovadas tradiciones de la <strong>perfumer\u00eda oriental<\/strong> te cuentan su propia riqueza, originalidad y autenticidad. Otro perfume excepcional que se une a la colecci\u00f3n <a href=\"https:\/\/www.lesfleursdugolfe.com\/categorie-produit\/parfums\/flacon-dexception\/les-princes-du-golfe\/\">LES PRINCES DU GOLFE.<\/a><\/p>\n","protected":false},"excerpt":{"rendered":"<p><strong>Nota de salida:<\/strong> Coco<br \/>\n<strong>Nota de coraz\u00f3n:<\/strong> Vainilla de Madagascar<br \/>\n<strong>Nota de antecedentes<\/strong>: \u00c1mbar yemen\u00ed<\/p>\n<p>Extracto de Perfume &#8211; Mezclado &#8211; 50 ml<\/p>\n","protected":false},"featured_media":14576,"template":"","meta":{"_acf_changed":false,"jetpack_post_was_ever_published":false},"product_brand":[],"product_cat":[319],"product_tag":[174,175,173,172,171],"class_list":{"0":"post-6967","1":"product","2":"type-product","3":"status-publish","4":"has-post-thumbnail","6":"product_cat-perfumes-mixtos","7":"product_tag-aroma-ambar","8":"product_tag-extracto-de-perfume","9":"product_tag-fragancia-vainilla","10":"product_tag-perfume-hecho-en-francia","11":"product_tag-perfume-oriental","13":"first","14":"onbackorder","15":"shipping-taxable","16":"purchasable","17":"product-type-simple"},"acf":[],"jetpack_sharing_enabled":true,"_links":{"self":[{"href":"https:\/\/www.lesfleursdugolfe.com\/es\/wp-json\/wp\/v2\/product\/6967","targetHints":{"allow":["GET"]}}],"collection":[{"href":"https:\/\/www.lesfleursdugolfe.com\/es\/wp-json\/wp\/v2\/product"}],"about":[{"href":"https:\/\/www.lesfleursdugolfe.com\/es\/wp-json\/wp\/v2\/types\/product"}],"version-history":[{"count":0,"href":"https:\/\/www.lesfleursdugolfe.com\/es\/wp-json\/wp\/v2\/product\/6967\/revisions"}],"wp:featuredmedia":[{"embeddable":true,"href":"https:\/\/www.lesfleursdugolfe.com\/es\/wp-json\/wp\/v2\/media\/14576"}],"wp:attachment":[{"href":"https:\/\/www.lesfleursdugolfe.com\/es\/wp-json\/wp\/v2\/media?parent=6967"}],"wp:term":[{"taxonomy":"product_brand","embeddable":true,"href":"https:\/\/www.lesfleursdugolfe.com\/es\/wp-json\/wp\/v2\/product_brand?post=6967"},{"taxonomy":"product_cat","embeddable":true,"href":"https:\/\/www.lesfleursdugolfe.com\/es\/wp-json\/wp\/v2\/product_cat?post=6967"},{"taxonomy":"product_tag","embeddable":true,"href":"https:\/\/www.lesfleursdugolfe.com\/es\/wp-json\/wp\/v2\/product_tag?post=6967"}],"curies":[{"name":"wp","href":"https:\/\/api.w.org\/{rel}","templated":true}]}}