{"id":6977,"date":"2021-04-04T00:13:33","date_gmt":"2021-04-03T23:13:33","guid":{"rendered":"https:\/\/www.lesfleursdugolfe.com\/product\/saphir-vanille-almizcle-vainilla-y-sandalo\/"},"modified":"2026-04-22T19:26:17","modified_gmt":"2026-04-22T18:26:17","slug":"zafiro-vainilla-almizcle-hecho-en-francia","status":"publish","type":"product","link":"https:\/\/www.lesfleursdugolfe.com\/es\/producto\/zafiro-vainilla-almizcle-hecho-en-francia\/","title":{"rendered":"Saphir Vanille &#8211; Almizcle, Vainilla y S\u00e1ndalo"},"content":{"rendered":"<h2>Un aroma a almizcle y vainilla<\/h2>\n<p>Sum\u00e9rjase en el aroma de un <strong>Almizcle endulzado<\/strong> por<strong> una vainilla excepcional.<\/strong> Un franc\u00e9s oriental inspirado en nuestros <strong>viajes<\/strong> entre el <strong>desierto<\/strong> de Dubai y las calles de Par\u00eds.<\/p>\n<p><a href=\"https:\/\/www.instagram.com\/p\/CNNNJjKBttT\/\" target=\"_blank\" rel=\"noopener\">Saphir Vanille<\/a> ocupa un lugar destacado en nuestra colecci\u00f3n <a href=\"https:\/\/www.lesfleursdugolfe.com\/categorie-produit\/parfums\/flacon-dexception\/les-princes-du-golfe\/\">Les Princes du Golfe<\/a> que re\u00fane los aromas m\u00e1s penetrantes de la <strong>perfumer\u00eda oriental.<br \/>\n<\/strong><\/p>\n<p>&nbsp;<\/p>\n<p>&nbsp;<\/p>\n","protected":false},"excerpt":{"rendered":"<p><strong>Nota de salida:<\/strong> Bergamota, Pi\u00f1a<br \/>\n<strong>Nota de coraz\u00f3n:<\/strong> Vainilla, S\u00e1ndalo blanco<br \/>\n<strong>Nota de antecedentes:<\/strong> Musk<\/p>\n<p>Extracto de Perfume &#8211; Mezclado &#8211; 50 ml<\/p>\n","protected":false},"featured_media":12731,"template":"","meta":{"_acf_changed":false,"jetpack_post_was_ever_published":false},"product_brand":[],"product_cat":[318],"product_tag":[183,180,179,182,175,181,178,177,172,171],"class_list":{"0":"post-6977","1":"product","2":"type-product","3":"status-publish","4":"has-post-thumbnail","6":"product_cat-perfumes-de-hombre","7":"product_tag-cual-es-la-mejor-fragancia-de-vainilla","8":"product_tag-aroma-a-pina","9":"product_tag-aroma-almizcle","10":"product_tag-extracto-de-fragancia-de-vainilla","11":"product_tag-extracto-de-perfume","12":"product_tag-extracto-de-perfume-mixto","13":"product_tag-fragancia-sandalo","14":"product_tag-perfume-de-bergamota","15":"product_tag-perfume-hecho-en-francia","16":"product_tag-perfume-oriental","18":"first","19":"instock","20":"shipping-taxable","21":"purchasable","22":"product-type-simple"},"supplier_id":null,"supplier_sku":"","barcode":null,"atum_controlled":true,"out_stock_date":null,"out_stock_threshold":null,"inheritable":false,"inbound_stock":0,"stock_on_hold":0,"sold_today":0,"sales_last_days":0,"reserved_stock":0,"customer_returns":0,"warehouse_damage":0,"lost_in_post":0,"other_logs":0,"out_stock_days":0,"lost_sales":0,"has_location":false,"update_date":"2026-05-02T00:05:09","atum_locations":[],"atum_stock_status":"instock","restock_status":false,"low_stock_amount":"","sales_update_date":"2026-05-02T00:05:09","calc_backorders":0,"acf":[],"jetpack_sharing_enabled":true,"_links":{"self":[{"href":"https:\/\/www.lesfleursdugolfe.com\/es\/wp-json\/wp\/v2\/product\/6977","targetHints":{"allow":["GET"]}}],"collection":[{"href":"https:\/\/www.lesfleursdugolfe.com\/es\/wp-json\/wp\/v2\/product"}],"about":[{"href":"https:\/\/www.lesfleursdugolfe.com\/es\/wp-json\/wp\/v2\/types\/product"}],"version-history":[{"count":0,"href":"https:\/\/www.lesfleursdugolfe.com\/es\/wp-json\/wp\/v2\/product\/6977\/revisions"}],"wp:featuredmedia":[{"embeddable":true,"href":"https:\/\/www.lesfleursdugolfe.com\/es\/wp-json\/wp\/v2\/media\/12731"}],"wp:attachment":[{"href":"https:\/\/www.lesfleursdugolfe.com\/es\/wp-json\/wp\/v2\/media?parent=6977"}],"wp:term":[{"taxonomy":"product_brand","embeddable":true,"href":"https:\/\/www.lesfleursdugolfe.com\/es\/wp-json\/wp\/v2\/product_brand?post=6977"},{"taxonomy":"product_cat","embeddable":true,"href":"https:\/\/www.lesfleursdugolfe.com\/es\/wp-json\/wp\/v2\/product_cat?post=6977"},{"taxonomy":"product_tag","embeddable":true,"href":"https:\/\/www.lesfleursdugolfe.com\/es\/wp-json\/wp\/v2\/product_tag?post=6977"}],"curies":[{"name":"wp","href":"https:\/\/api.w.org\/{rel}","templated":true}]}}