{"id":7032,"date":"2020-05-31T05:21:53","date_gmt":"2021-08-13T21:37:37","guid":{"rendered":"https:\/\/www.lesfleursdugolfe.com\/product\/3-muestras-de-perfume-hombre\/"},"modified":"2021-08-13T22:37:38","modified_gmt":"2021-08-13T21:37:38","slug":"3-muestras-de-perfume-de-tu-eleccion","status":"publish","type":"product","link":"https:\/\/www.lesfleursdugolfe.com\/es\/producto\/3-muestras-de-perfume-de-tu-eleccion\/","title":{"rendered":"3 muestras de perfume &#8211; Hombre"},"content":{"rendered":"<div class=\"elementor-element elementor-element-2178deee elementor-column elementor-col-33 elementor-inner-column\" data-id=\"2178deee\" data-element_type=\"column\">\n<div class=\"elementor-column-wrap elementor-element-populated\">\n<div class=\"elementor-widget-wrap\">\n<div class=\"elementor-element elementor-element-5cc319fd elementor-position-top elementor-vertical-align-top elementor-widget elementor-widget-image-box\" data-id=\"5cc319fd\" data-element_type=\"widget\" data-widget_type=\"image-box.default\">\n<div class=\"elementor-widget-container\">\n<div class=\"elementor-image-box-wrapper\">\n<div class=\"elementor-image-box-wrapper\">\n<div class=\"elementor-image-box-content\">\n<h4><a href=\"https:\/\/www.lesfleursdugolfe.com\/product\/baccara-vanille-50%e2%80%afml-flacon-exception\/\">Baccara Vanille<\/a><\/h4>\n<p><img fetchpriority=\"high\" decoding=\"async\" class=\"alignnone size-medium wp-image-7050\" src=\"https:\/\/www.lesfleursdugolfe.com\/wp-content\/uploads\/2020\/03\/WhatsApp-Image-2020-03-06-at-21.22.41-1-300x300.jpeg\" alt=\"\" width=\"300\" height=\"300\" srcset=\"https:\/\/www.lesfleursdugolfe.com\/wp-content\/uploads\/2020\/03\/WhatsApp-Image-2020-03-06-at-21.22.41-1-300x300.jpeg 300w, https:\/\/www.lesfleursdugolfe.com\/wp-content\/uploads\/2020\/03\/WhatsApp-Image-2020-03-06-at-21.22.41-1-1024x1024.jpeg 1024w, https:\/\/www.lesfleursdugolfe.com\/wp-content\/uploads\/2020\/03\/WhatsApp-Image-2020-03-06-at-21.22.41-1-150x150.jpeg 150w, https:\/\/www.lesfleursdugolfe.com\/wp-content\/uploads\/2020\/03\/WhatsApp-Image-2020-03-06-at-21.22.41-1-768x768.jpeg 768w, https:\/\/www.lesfleursdugolfe.com\/wp-content\/uploads\/2020\/03\/WhatsApp-Image-2020-03-06-at-21.22.41-1-1536x1536.jpeg 1536w, https:\/\/www.lesfleursdugolfe.com\/wp-content\/uploads\/2020\/03\/WhatsApp-Image-2020-03-06-at-21.22.41-1-600x600.jpeg 600w, https:\/\/www.lesfleursdugolfe.com\/wp-content\/uploads\/2020\/03\/WhatsApp-Image-2020-03-06-at-21.22.41-1-100x100.jpeg 100w, https:\/\/www.lesfleursdugolfe.com\/wp-content\/uploads\/2020\/03\/WhatsApp-Image-2020-03-06-at-21.22.41-1.jpeg 1600w\" sizes=\"(max-width: 300px) 100vw, 300px\" \/><\/p>\n<p>Baccara vanille es el<strong> Mejor vendido<\/strong> des Fleurs Du Golfe: \u00a1es simplemente \u00fanico!<\/p>\n<p>Aqu\u00ed est\u00e1 con su vestido m\u00e1s exitoso, nuestro<strong> botella excepcional<\/strong> .<\/p>\n<p>Tambi\u00e9n por supuesto<strong> el hombre<\/strong> o la<strong> mujeres<\/strong> , trae esta atm\u00f3sfera<strong> vainilla<\/strong> y<strong> \u00e1mbar<\/strong> lo que le da su lado irresistible: imposible ser indiferente &#8230;<\/p>\n<p>Las flores<strong> tropical<\/strong> as\u00ed como extractos<strong> almendra<\/strong> agregar un toque<strong> dulce<\/strong> y<strong> ex\u00f3tico<\/strong> que te har\u00e1 viajar al primer spray. Qu\u00e9 delicia !<\/p>\n<p><strong>Las notas son<\/strong> : Vainilla, Flores tropicales, \u00c1mbar, Rosas de la India, Almendras.<\/p>\n<\/div>\n<\/div>\n<h4><a href=\"https:\/\/www.lesfleursdugolfe.com\/es\/produit\/orient-express-vial-dexception\/\">Orient Express<\/a><\/h4>\n<p><img decoding=\"async\" class=\"alignnone size-medium wp-image-7037\" src=\"https:\/\/www.lesfleursdugolfe.com\/wp-content\/uploads\/2020\/03\/WhatsApp-Image-2020-02-26-at-06.39.32-1-223x300.jpeg\" alt=\"El perfume de las flores del Gulf Orient Express en una hermosa botella en una playa\" width=\"223\" height=\"300\" srcset=\"https:\/\/www.lesfleursdugolfe.com\/wp-content\/uploads\/2020\/03\/WhatsApp-Image-2020-02-26-at-06.39.32-1-223x300.jpeg 223w, https:\/\/www.lesfleursdugolfe.com\/wp-content\/uploads\/2020\/03\/WhatsApp-Image-2020-02-26-at-06.39.32-1-761x1024.jpeg 761w, https:\/\/www.lesfleursdugolfe.com\/wp-content\/uploads\/2020\/03\/WhatsApp-Image-2020-02-26-at-06.39.32-1-768x1034.jpeg 768w, https:\/\/www.lesfleursdugolfe.com\/wp-content\/uploads\/2020\/03\/WhatsApp-Image-2020-02-26-at-06.39.32-1-600x808.jpeg 600w, https:\/\/www.lesfleursdugolfe.com\/wp-content\/uploads\/2020\/03\/WhatsApp-Image-2020-02-26-at-06.39.32-1.jpeg 951w\" sizes=\"(max-width: 223px) 100vw, 223px\" \/><\/p>\n<p class=\"p1\">Un aroma a la vez<strong> Masculino<\/strong> y<strong> Goloso<\/strong> que har\u00e1 que algunos vuelvan a la infancia con sus notas dulces y chispeantes.<br \/>\nEl lado masculino de<strong> madera de cedro<\/strong> se fusiona con los aromas de<strong> lychee<\/strong> y<strong> cerezas<\/strong> para un torbellino de frescura gourmet que le recuerda sus primeras degustaciones<strong> helado<\/strong> junto al mar &#8230;<\/p>\n<\/div>\n<div class=\"jp-relatedposts-items jp-relatedposts-items-visual jp-relatedposts-grid \">\n<h4><a href=\"https:\/\/www.lesfleursdugolfe.com\/es\/produit\/sugar-oud-vial-d-exception\/\">Sugar Oud<\/a><\/h4>\n<p><img decoding=\"async\" class=\"alignnone size-medium wp-image-7049\" src=\"https:\/\/www.lesfleursdugolfe.com\/wp-content\/uploads\/2020\/03\/WhatsApp-Image-2020-02-26-at-06.39.31-223x300.jpeg\" alt=\"El aroma de las flores del Gulf Sugar Oud en una hermosa botella\" width=\"223\" height=\"300\" srcset=\"https:\/\/www.lesfleursdugolfe.com\/wp-content\/uploads\/2020\/03\/WhatsApp-Image-2020-02-26-at-06.39.31-223x300.jpeg 223w, https:\/\/www.lesfleursdugolfe.com\/wp-content\/uploads\/2020\/03\/WhatsApp-Image-2020-02-26-at-06.39.31-761x1024.jpeg 761w, https:\/\/www.lesfleursdugolfe.com\/wp-content\/uploads\/2020\/03\/WhatsApp-Image-2020-02-26-at-06.39.31-768x1034.jpeg 768w, https:\/\/www.lesfleursdugolfe.com\/wp-content\/uploads\/2020\/03\/WhatsApp-Image-2020-02-26-at-06.39.31-600x808.jpeg 600w, https:\/\/www.lesfleursdugolfe.com\/wp-content\/uploads\/2020\/03\/WhatsApp-Image-2020-02-26-at-06.39.31.jpeg 951w\" sizes=\"(max-width: 223px) 100vw, 223px\" \/><\/p>\n<\/div>\n<p><strong>Sugar oud<\/strong> es un perfume<strong> poderoso<\/strong> y<strong> Goloso<\/strong> a la vez. Mezcla el aroma de<strong> Madera de Oud<\/strong> y aromas de<strong> fruta de la pasi\u00f3n<\/strong> para una experiencia olfativa \u00fanica &#8230;<\/p>\n<p>Se le presenta con su atuendo m\u00e1s hermoso.<\/p>\n<p><strong>Capacidad:<\/strong> 50 ml<\/p>\n<p>&nbsp;<\/p>\n<div class=\"elementor-image-box-wrapper\">\n<p>&nbsp;<\/p>\n<\/div>\n<\/div>\n<\/div>\n<\/div>\n<\/div>\n<\/div>\n","protected":false},"excerpt":{"rendered":"<p>Descubre nuestro pack de 3 muestras de perfumes para hombre.<\/p>\n<ul>\n<li>Nuestro superventas Baccara Vanille<\/li>\n<li>El Orient Express<\/li>\n<li>Un Sugar Oud<\/li>\n<\/ul>\n<p>M\u00e1s detalles te esperan en la descripci\u00f3n.<\/p>\n<p><em>Capacidad: 2ml. <\/em><\/p>\n","protected":false},"featured_media":11075,"template":"","meta":{"_acf_changed":false,"jetpack_post_was_ever_published":false},"product_brand":[],"product_cat":[],"product_tag":[195,194,193],"class_list":{"0":"post-7032","1":"product","2":"type-product","3":"status-publish","4":"has-post-thumbnail","6":"product_tag-lujo","7":"product_tag-oriental-es","8":"product_tag-perfumes-es","10":"first","11":"outofstock","12":"purchasable","13":"product-type-simple"},"acf":[],"jetpack_sharing_enabled":true,"_links":{"self":[{"href":"https:\/\/www.lesfleursdugolfe.com\/es\/wp-json\/wp\/v2\/product\/7032","targetHints":{"allow":["GET"]}}],"collection":[{"href":"https:\/\/www.lesfleursdugolfe.com\/es\/wp-json\/wp\/v2\/product"}],"about":[{"href":"https:\/\/www.lesfleursdugolfe.com\/es\/wp-json\/wp\/v2\/types\/product"}],"version-history":[{"count":0,"href":"https:\/\/www.lesfleursdugolfe.com\/es\/wp-json\/wp\/v2\/product\/7032\/revisions"}],"wp:featuredmedia":[{"embeddable":true,"href":"https:\/\/www.lesfleursdugolfe.com\/es\/wp-json\/wp\/v2\/media\/11075"}],"wp:attachment":[{"href":"https:\/\/www.lesfleursdugolfe.com\/es\/wp-json\/wp\/v2\/media?parent=7032"}],"wp:term":[{"taxonomy":"product_brand","embeddable":true,"href":"https:\/\/www.lesfleursdugolfe.com\/es\/wp-json\/wp\/v2\/product_brand?post=7032"},{"taxonomy":"product_cat","embeddable":true,"href":"https:\/\/www.lesfleursdugolfe.com\/es\/wp-json\/wp\/v2\/product_cat?post=7032"},{"taxonomy":"product_tag","embeddable":true,"href":"https:\/\/www.lesfleursdugolfe.com\/es\/wp-json\/wp\/v2\/product_tag?post=7032"}],"curies":[{"name":"wp","href":"https:\/\/api.w.org\/{rel}","templated":true}]}}