{"id":7090,"date":"2020-03-06T18:53:51","date_gmt":"2020-03-06T17:53:51","guid":{"rendered":"https:\/\/www.lesfleursdugolfe.com\/product\/vanille-alcantara-vainilla-ambroxan-y-sandalo\/"},"modified":"2022-12-24T16:53:30","modified_gmt":"2022-12-24T15:53:30","slug":"vainilla-alcantara-vial-d-excepcion-50-ml","status":"publish","type":"product","link":"https:\/\/www.lesfleursdugolfe.com\/es\/producto\/vainilla-alcantara-vial-d-excepcion-50-ml\/","title":{"rendered":"Vanille Alcantara &#8211; Vainilla, Ambroxan y S\u00e1ndalo"},"content":{"rendered":"<h2>Vanille Alcantara, un homenaje a la Venecia de los exploradores<\/h2>\n<p>Una fresca tarde de verano en el puerto de Venecia de siglos pasados, atraca un barco de las lejanas tierras del Golfo P\u00e9rsico. Todos los comerciantes venecianos est\u00e1n all\u00ed. Y por una buena raz\u00f3n, los <strong>preciosos olores<\/strong> que emanan del barco embellecen el puerto: se encarga de los raros y <strong>exclusivos olores orientales<\/strong> por los que compiten <strong>perfumistas<\/strong> de toda Europa.<\/p>\n<p>Entre todos estos tesoros olfativos, destaca el aroma de los <strong>azahares:<\/strong> solar, las peque\u00f1as flores blancas dulces y polvorientas, traducen muy bien la <strong>alegr\u00eda de vivir<\/strong> mediterr\u00e1nea de los venecianos.<\/p>\n<p>El penetrante aroma de <strong>bergamota,<\/strong>que pronto ser\u00e1 apodado el oro de Calabria, tambi\u00e9n est\u00e1 cuidadosamente protegido en las bodegas del barco. Dar\u00e1 desde la aplicaci\u00f3n a Vanille Alcantara su t\u00f3nico, aireada y soleada.<\/p>\n<p>Viajar desde el Golfo a Venecia es un <strong>viaje suntuoso.<\/strong> Nos encontramos con magn\u00edficas criaturas marinas que esconden un tesoro olfativo insospechado: el \u00e1mbar gris, del que se deriva <strong>el ambroxano.<\/strong> Su olor tan le\u00f1oso como \u00e1mbar es sutil y hace que Vanille Alcantara sea <strong>profundamente adictiva.<\/strong><\/p>\n<p>Las lejanas tierras persas est\u00e1n llenas de muchos bosques y pocos son los barcos que traen <strong>s\u00e1ndalo blanco<\/strong> de la India a Venecia. Este barco es uno de ellos. <strong>C\u00e1lido<\/strong> y <strong>Sensual,<\/strong>aporta al perfume su caracter\u00edstica <strong>ternura.<\/strong><\/p>\n<p>Pero es otro tesoro tropical olfativo, <strong>la vainilla,<\/strong>que firma la identidad <strong>gourmet<\/strong> de este perfume \u00fanico. <strong>Praline,<\/strong>consagra una fragancia dulce, gourmet, dulce.<\/p>\n<p>Un equilibrio perfecto, <strong>memoria de los olores<\/strong> de exploraciones pasadas.<\/p>\n<p>&nbsp;<\/p>\n","protected":false},"excerpt":{"rendered":"<p><strong>Notas de salida:<\/strong> Bergamota, Flor de azahar del naranjo<br \/>\n<strong>Notas de Coraz\u00f3n:<\/strong> Ambroxan, S\u00e1ndalo blanco<br \/>\n<strong>Notas de fondo: Pralin<\/strong> vainilla<\/p>\n<p>Extracto de perfume &#8211; Mezclado &#8211; 50 ml<\/p>\n","protected":false},"featured_media":7091,"template":"","meta":{"_acf_changed":false,"jetpack_post_was_ever_published":false},"product_brand":[],"product_cat":[],"product_tag":[178,173,177,172,171],"class_list":{"0":"post-7090","1":"product","2":"type-product","3":"status-publish","4":"has-post-thumbnail","6":"product_tag-fragancia-sandalo","7":"product_tag-fragancia-vainilla","8":"product_tag-perfume-de-bergamota","9":"product_tag-perfume-hecho-en-francia","10":"product_tag-perfume-oriental","12":"first","13":"onbackorder","14":"shipping-taxable","15":"purchasable","16":"product-type-simple"},"acf":[],"jetpack_sharing_enabled":true,"_links":{"self":[{"href":"https:\/\/www.lesfleursdugolfe.com\/es\/wp-json\/wp\/v2\/product\/7090","targetHints":{"allow":["GET"]}}],"collection":[{"href":"https:\/\/www.lesfleursdugolfe.com\/es\/wp-json\/wp\/v2\/product"}],"about":[{"href":"https:\/\/www.lesfleursdugolfe.com\/es\/wp-json\/wp\/v2\/types\/product"}],"version-history":[{"count":0,"href":"https:\/\/www.lesfleursdugolfe.com\/es\/wp-json\/wp\/v2\/product\/7090\/revisions"}],"wp:featuredmedia":[{"embeddable":true,"href":"https:\/\/www.lesfleursdugolfe.com\/es\/wp-json\/wp\/v2\/media\/7091"}],"wp:attachment":[{"href":"https:\/\/www.lesfleursdugolfe.com\/es\/wp-json\/wp\/v2\/media?parent=7090"}],"wp:term":[{"taxonomy":"product_brand","embeddable":true,"href":"https:\/\/www.lesfleursdugolfe.com\/es\/wp-json\/wp\/v2\/product_brand?post=7090"},{"taxonomy":"product_cat","embeddable":true,"href":"https:\/\/www.lesfleursdugolfe.com\/es\/wp-json\/wp\/v2\/product_cat?post=7090"},{"taxonomy":"product_tag","embeddable":true,"href":"https:\/\/www.lesfleursdugolfe.com\/es\/wp-json\/wp\/v2\/product_tag?post=7090"}],"curies":[{"name":"wp","href":"https:\/\/api.w.org\/{rel}","templated":true}]}}