{"id":9987,"date":"2021-11-25T22:09:40","date_gmt":"2021-11-25T21:09:40","guid":{"rendered":"https:\/\/www.lesfleursdugolfe.com\/product\/cachemire-des-iles-mandarina-pachuli-y-ante-blanco\/"},"modified":"2026-04-22T19:26:17","modified_gmt":"2026-04-22T18:26:17","slug":"perfume-mandarina-cachemira-islas","status":"publish","type":"product","link":"https:\/\/www.lesfleursdugolfe.com\/es\/producto\/perfume-mandarina-cachemira-islas\/","title":{"rendered":"Cachemire des \u00celes &#8211; Mandarina, Pachul\u00ed y Ante Blanco"},"content":{"rendered":"<h3><b>Un aroma con mandarina y vainilla  <\/b><\/h3>\n<p><img decoding=\"async\" class=\"wp-image-8379 alignleft\" src=\"https:\/\/www.lesfleursdugolfe.com\/wp-content\/uploads\/2021\/11\/cachemire-des-iles-color-300x300.jpeg\" alt=\"\" width=\"188\" height=\"188\" srcset=\"https:\/\/www.lesfleursdugolfe.com\/wp-content\/uploads\/2021\/11\/cachemire-des-iles-color-300x300.jpeg 300w, https:\/\/www.lesfleursdugolfe.com\/wp-content\/uploads\/2021\/11\/cachemire-des-iles-color-1022x1024.jpeg 1022w, https:\/\/www.lesfleursdugolfe.com\/wp-content\/uploads\/2021\/11\/cachemire-des-iles-color-150x150.jpeg 150w, https:\/\/www.lesfleursdugolfe.com\/wp-content\/uploads\/2021\/11\/cachemire-des-iles-color-768x770.jpeg 768w, https:\/\/www.lesfleursdugolfe.com\/wp-content\/uploads\/2021\/11\/cachemire-des-iles-color-600x601.jpeg 600w, https:\/\/www.lesfleursdugolfe.com\/wp-content\/uploads\/2021\/11\/cachemire-des-iles-color-100x100.jpeg 100w, https:\/\/www.lesfleursdugolfe.com\/wp-content\/uploads\/2021\/11\/cachemire-des-iles-color.jpeg 1277w\" sizes=\"(max-width: 188px) 100vw, 188px\" \/>La <b>sabrosa <a href=\"https:\/\/www.olfastory.com\/matiere\/mandarine\" target=\"_blank\" rel=\"noopener\">mandarina<\/a><\/b> es la nota superior de esta fragancia: un <b>oasis de frescura <\/b>abre la puerta para darte una emoci\u00f3n de<b> alegr\u00eda<\/b> y <b>placer<\/b>. Su nota de coraz\u00f3n est\u00e1 enriquecida por<b> el pachul\u00ed<\/b>. Un aroma <b>amaderado <\/b>y <b>verde <\/b>refleja el<b> lado intenso <\/b>de esta especie. <b>La vainilla <\/b>y <b>la gamuza blanca se <\/b>unen y se <b>suman al \u00e1mbar<\/b> para transformar la nota base de esta fragancia en una verdadera<b> mina de dulzura<\/b>.<\/p>\n<h3><b>Una lujosa fragancia oriental  <\/b><\/h3>\n<p><img decoding=\"async\" class=\" wp-image-8339 alignright\" src=\"https:\/\/www.lesfleursdugolfe.com\/wp-content\/uploads\/2021\/11\/les-princes-du-golfe-made-in-dubai-300x300.jpeg\" alt=\"la colecci\u00f3n de perfumes de los pr\u00edncipes del golfo hechos en dubai colocados sobre m\u00e1rmol y junto a flores\" width=\"197\" height=\"197\" srcset=\"https:\/\/www.lesfleursdugolfe.com\/wp-content\/uploads\/2021\/11\/les-princes-du-golfe-made-in-dubai-300x300.jpeg 300w, https:\/\/www.lesfleursdugolfe.com\/wp-content\/uploads\/2021\/11\/les-princes-du-golfe-made-in-dubai-1024x1024.jpeg 1024w, https:\/\/www.lesfleursdugolfe.com\/wp-content\/uploads\/2021\/11\/les-princes-du-golfe-made-in-dubai-150x150.jpeg 150w, https:\/\/www.lesfleursdugolfe.com\/wp-content\/uploads\/2021\/11\/les-princes-du-golfe-made-in-dubai-768x768.jpeg 768w, https:\/\/www.lesfleursdugolfe.com\/wp-content\/uploads\/2021\/11\/les-princes-du-golfe-made-in-dubai-600x600.jpeg 600w, https:\/\/www.lesfleursdugolfe.com\/wp-content\/uploads\/2021\/11\/les-princes-du-golfe-made-in-dubai-100x100.jpeg 100w, https:\/\/www.lesfleursdugolfe.com\/wp-content\/uploads\/2021\/11\/les-princes-du-golfe-made-in-dubai.jpeg 1280w\" sizes=\"(max-width: 197px) 100vw, 197px\" \/>Al este de Arabia Saudita se encuentran las islas <b>del Golfo P\u00e9rsico<\/b>, el lugar de encuentro entre <b>comerciantes de aromas<\/b> durante miles de a\u00f1os.<\/p>\n<p>Es en estas islas donde se intercambian los <b>arom\u00e1ticos<\/b> y<b> las materias primas <\/b>m\u00e1s <b>apreciadas por los perfumistas<\/b>. Qu\u00e9 mejor lugar para encontrar los <b>ingredientes<\/b> <b>m\u00e1s raros <\/b> y mezclarlos para obtener <b>la esencia<\/b> de nuestro mundo&#8230; Es en estas islas donde los comerciantes de <b>Cachemira<\/b> presentan sus <b>tesoros<\/b>&#8230; Es desde estas islas que <b>Cachemire des \u00celes<\/b> encuentra su inspiraci\u00f3n \u00fanica.<\/p>\n","protected":false},"excerpt":{"rendered":"<p><strong>Notas de salida<\/strong> : Mandar\u00edn<br \/>\n<strong>Nota de coraz\u00f3n:<\/strong> Pachul\u00ed<br \/>\n<strong>Notas de<\/strong> fondo: Vainilla, \u00c1mbar, Ante blanco<\/p>\n<p>Extracto de Perfume Intenso &#8211; Mixto &#8211; 50 ml<br \/>\nColecci\u00f3n Los Pr\u00edncipes del Golfo<br \/>\n<a href=\"\/parfums-made-in-dubai\/\">Hecho en Dubai<\/a><\/p>\n","protected":false},"featured_media":8373,"template":"","meta":{"_acf_changed":false,"jetpack_post_was_ever_published":false},"product_brand":[],"product_cat":[319],"product_tag":[],"class_list":{"0":"post-9987","1":"product","2":"type-product","3":"status-publish","4":"has-post-thumbnail","6":"product_cat-perfumes-mixtos","8":"first","9":"instock","10":"shipping-taxable","11":"purchasable","12":"product-type-simple"},"supplier_id":null,"supplier_sku":"","barcode":null,"atum_controlled":true,"out_stock_date":null,"out_stock_threshold":null,"inheritable":false,"inbound_stock":0,"stock_on_hold":0,"sold_today":0,"sales_last_days":0,"reserved_stock":0,"customer_returns":0,"warehouse_damage":0,"lost_in_post":0,"other_logs":0,"out_stock_days":0,"lost_sales":0,"has_location":false,"update_date":"2026-05-02T00:05:11","atum_locations":[],"atum_stock_status":"instock","restock_status":false,"low_stock_amount":"","sales_update_date":"2026-05-02T00:05:11","calc_backorders":0,"acf":[],"jetpack_sharing_enabled":true,"_links":{"self":[{"href":"https:\/\/www.lesfleursdugolfe.com\/es\/wp-json\/wp\/v2\/product\/9987","targetHints":{"allow":["GET"]}}],"collection":[{"href":"https:\/\/www.lesfleursdugolfe.com\/es\/wp-json\/wp\/v2\/product"}],"about":[{"href":"https:\/\/www.lesfleursdugolfe.com\/es\/wp-json\/wp\/v2\/types\/product"}],"version-history":[{"count":0,"href":"https:\/\/www.lesfleursdugolfe.com\/es\/wp-json\/wp\/v2\/product\/9987\/revisions"}],"wp:featuredmedia":[{"embeddable":true,"href":"https:\/\/www.lesfleursdugolfe.com\/es\/wp-json\/wp\/v2\/media\/8373"}],"wp:attachment":[{"href":"https:\/\/www.lesfleursdugolfe.com\/es\/wp-json\/wp\/v2\/media?parent=9987"}],"wp:term":[{"taxonomy":"product_brand","embeddable":true,"href":"https:\/\/www.lesfleursdugolfe.com\/es\/wp-json\/wp\/v2\/product_brand?post=9987"},{"taxonomy":"product_cat","embeddable":true,"href":"https:\/\/www.lesfleursdugolfe.com\/es\/wp-json\/wp\/v2\/product_cat?post=9987"},{"taxonomy":"product_tag","embeddable":true,"href":"https:\/\/www.lesfleursdugolfe.com\/es\/wp-json\/wp\/v2\/product_tag?post=9987"}],"curies":[{"name":"wp","href":"https:\/\/api.w.org\/{rel}","templated":true}]}}