{"id":9988,"date":"2021-11-25T22:01:35","date_gmt":"2021-11-25T21:01:35","guid":{"rendered":"https:\/\/www.lesfleursdugolfe.com\/product\/parfum-a-la-peche-durazno-geranio-y-vainilla-pralina\/"},"modified":"2022-02-28T11:28:46","modified_gmt":"2022-02-28T10:28:46","slug":"perfume-a-la-peche-perle-de-dubai","status":"publish","type":"product","link":"https:\/\/www.lesfleursdugolfe.com\/es\/producto\/perfume-a-la-peche-perle-de-dubai\/","title":{"rendered":"Perle de Duba\u00ef &#8211; Durazno, Geranio y Vainilla Pralina"},"content":{"rendered":"<h3><b>Un aroma a melocot\u00f3n con bergamota<\/b><\/h3>\n<p><img decoding=\"async\" class=\" wp-image-8363 alignleft\" src=\"https:\/\/www.lesfleursdugolfe.com\/wp-content\/uploads\/2021\/11\/perle-de-dubai-color-300x296.jpeg\" alt=\"Perle de Duba\u00ef - Las Flores del Golfo sobre un fondo p\u00farpura\" width=\"162\" height=\"160\" srcset=\"https:\/\/www.lesfleursdugolfe.com\/wp-content\/uploads\/2021\/11\/perle-de-dubai-color-300x296.jpeg 300w, https:\/\/www.lesfleursdugolfe.com\/wp-content\/uploads\/2021\/11\/perle-de-dubai-color-1024x1012.jpeg 1024w, https:\/\/www.lesfleursdugolfe.com\/wp-content\/uploads\/2021\/11\/perle-de-dubai-color-768x759.jpeg 768w, https:\/\/www.lesfleursdugolfe.com\/wp-content\/uploads\/2021\/11\/perle-de-dubai-color-600x593.jpeg 600w, https:\/\/www.lesfleursdugolfe.com\/wp-content\/uploads\/2021\/11\/perle-de-dubai-color-100x100.jpeg 100w, https:\/\/www.lesfleursdugolfe.com\/wp-content\/uploads\/2021\/11\/perle-de-dubai-color.jpeg 1280w\" sizes=\"(max-width: 162px) 100vw, 162px\" \/>Los <b>Pr\u00edncipes del Golfo te<\/b> invitan a adentrarte en los <b>suntuosos palacios<\/b> de <b>Dubai,<\/b> para descubrir uno de los tesoros escondidos en estos <b>castillos ancestrales<\/b> : el <b>perfume Pearl de Dubai.<\/b><\/p>\n<p>\u00a1Los jardines embellecen el centro de los palacios y desprenden <b>el aroma de frutas ex\u00f3ticas<\/b> ! Los <b>olores de las flores de jazm\u00edn<\/b> se escapan en una ligera brisa y te llevan por la punta de la nariz, y el <b>incienso de oud te calma<\/b> con su <b>aroma ahumado<\/b>. En medio de estos olores, se esconde un <b>raro perfume<\/b> que los visitantes admiran con pasi\u00f3n&#8230; Todo lo que queda son unas <b>preciosas botellas<\/b> <b>de Dubai Pearl<\/b>.<\/p>\n<h3><b>Una fragancia oriental fresca  <\/b><\/h3>\n<p><img fetchpriority=\"high\" decoding=\"async\" class=\" wp-image-8339 alignright\" src=\"https:\/\/www.lesfleursdugolfe.com\/wp-content\/uploads\/2021\/11\/les-princes-du-golfe-made-in-dubai-300x300.jpeg\" alt=\"la colecci\u00f3n de perfumes de los pr\u00edncipes del golfo hechos en dubai colocados sobre m\u00e1rmol y junto a flores\" width=\"233\" height=\"233\" srcset=\"https:\/\/www.lesfleursdugolfe.com\/wp-content\/uploads\/2021\/11\/les-princes-du-golfe-made-in-dubai-300x300.jpeg 300w, https:\/\/www.lesfleursdugolfe.com\/wp-content\/uploads\/2021\/11\/les-princes-du-golfe-made-in-dubai-1024x1024.jpeg 1024w, https:\/\/www.lesfleursdugolfe.com\/wp-content\/uploads\/2021\/11\/les-princes-du-golfe-made-in-dubai-150x150.jpeg 150w, https:\/\/www.lesfleursdugolfe.com\/wp-content\/uploads\/2021\/11\/les-princes-du-golfe-made-in-dubai-768x768.jpeg 768w, https:\/\/www.lesfleursdugolfe.com\/wp-content\/uploads\/2021\/11\/les-princes-du-golfe-made-in-dubai-600x600.jpeg 600w, https:\/\/www.lesfleursdugolfe.com\/wp-content\/uploads\/2021\/11\/les-princes-du-golfe-made-in-dubai-100x100.jpeg 100w, https:\/\/www.lesfleursdugolfe.com\/wp-content\/uploads\/2021\/11\/les-princes-du-golfe-made-in-dubai.jpeg 1280w\" sizes=\"(max-width: 233px) 100vw, 233px\" \/>Este <b>tesoro olfativo <\/b>se conserva cuidadosamente en unas pocas cajas. <b>Sus olores<\/b> se describen como un <b>campo de frutas <\/b>y <b>flores<\/b> que te lleva a un <b>dulce paseo<\/b>. Su nota superior te seduce con la <b>frescura de la <\/b><b>bergamota<\/b>, <a href=\"https:\/\/www.olfastory.com\/matiere\/peche\" target=\"_blank\" rel=\"noopener\"><b>melocot\u00f3n<\/b><\/p>\n<p><\/a><b> <\/b>y <b>mandarina<\/b>, y su nota de coraz\u00f3n te sublima con la<b> fragancia verde y vital <\/b>de la <b>rosa de geranio<\/b>. Una <b>vainilla de pralin\u00e9<\/b> constituye bellamente su fondo, y hace de este <b>perfume una adicci\u00f3n<\/b>.<\/p>\n<p>Antes de su partida, se deleita generosamente con una de las cajas m\u00e1s bellas de <b>este perfume<\/b> para salir con un v\u00edvido recuerdo de un <b>palacio lleno de maravillas. <\/b> Te acompa\u00f1ar\u00e1 a todas partes, para recordarte, aunque solo sea por un momento,<b> la sensualidad de los <\/b><b>olores de Oriente,<\/b> incluso estando lejos, en Occidente&#8230;<\/p>\n","protected":false},"excerpt":{"rendered":"<p><strong>Notas de salida<\/strong> : Melocot\u00f3n, Mandarina, Bergamota<br \/>\n<strong>Nota de coraz\u00f3n<\/strong> : Geranio rosat<br \/>\n<strong>Notas de fondo<\/strong> : Pralin\u00e9 de vainilla<\/p>\n<p>Extracto de Perfume Intenso &#8211; Mixto &#8211; 50 ml<br \/>\nColecci\u00f3n Los Pr\u00edncipes del Golfo<br \/>\n<a href=\"\/parfums-made-in-dubai\/\">Hecho en Dubai<\/a><\/p>\n","protected":false},"featured_media":8369,"template":"","meta":{"_acf_changed":false,"jetpack_post_was_ever_published":false},"product_brand":[],"product_cat":[],"product_tag":[],"class_list":{"0":"post-9988","1":"product","2":"type-product","3":"status-publish","4":"has-post-thumbnail","7":"first","8":"onbackorder","9":"shipping-taxable","10":"purchasable","11":"product-type-simple"},"supplier_id":null,"supplier_sku":"","barcode":null,"atum_controlled":true,"out_stock_date":null,"out_stock_threshold":null,"inheritable":false,"inbound_stock":0,"stock_on_hold":0,"sold_today":0,"sales_last_days":0,"reserved_stock":0,"customer_returns":0,"warehouse_damage":0,"lost_in_post":0,"other_logs":0,"out_stock_days":0,"lost_sales":0,"has_location":false,"update_date":"2026-05-11T00:20:07","atum_locations":[],"atum_stock_status":"onbackorder","restock_status":false,"low_stock_amount":"","sales_update_date":"2026-05-11T00:20:07","calc_backorders":0,"acf":[],"jetpack_sharing_enabled":true,"_links":{"self":[{"href":"https:\/\/www.lesfleursdugolfe.com\/es\/wp-json\/wp\/v2\/product\/9988","targetHints":{"allow":["GET"]}}],"collection":[{"href":"https:\/\/www.lesfleursdugolfe.com\/es\/wp-json\/wp\/v2\/product"}],"about":[{"href":"https:\/\/www.lesfleursdugolfe.com\/es\/wp-json\/wp\/v2\/types\/product"}],"version-history":[{"count":0,"href":"https:\/\/www.lesfleursdugolfe.com\/es\/wp-json\/wp\/v2\/product\/9988\/revisions"}],"wp:featuredmedia":[{"embeddable":true,"href":"https:\/\/www.lesfleursdugolfe.com\/es\/wp-json\/wp\/v2\/media\/8369"}],"wp:attachment":[{"href":"https:\/\/www.lesfleursdugolfe.com\/es\/wp-json\/wp\/v2\/media?parent=9988"}],"wp:term":[{"taxonomy":"product_brand","embeddable":true,"href":"https:\/\/www.lesfleursdugolfe.com\/es\/wp-json\/wp\/v2\/product_brand?post=9988"},{"taxonomy":"product_cat","embeddable":true,"href":"https:\/\/www.lesfleursdugolfe.com\/es\/wp-json\/wp\/v2\/product_cat?post=9988"},{"taxonomy":"product_tag","embeddable":true,"href":"https:\/\/www.lesfleursdugolfe.com\/es\/wp-json\/wp\/v2\/product_tag?post=9988"}],"curies":[{"name":"wp","href":"https:\/\/api.w.org\/{rel}","templated":true}]}}