{"id":9989,"date":"2021-11-25T21:46:10","date_gmt":"2021-11-25T20:46:10","guid":{"rendered":"https:\/\/www.lesfleursdugolfe.com\/product\/gourmand-extreme-lirio-del-valle-especias-y-flores-exoticas\/"},"modified":"2023-01-18T15:11:46","modified_gmt":"2023-01-18T14:11:46","slug":"perfume-au-lirio-del-valle-gourmand-extremo","status":"publish","type":"product","link":"https:\/\/www.lesfleursdugolfe.com\/es\/producto\/perfume-au-lirio-del-valle-gourmand-extremo\/","title":{"rendered":"Gourmand Extr\u00eame &#8211; Lirio del Valle, Especias y Flores Ex\u00f3ticas"},"content":{"rendered":"<h3><b>Perfume con lirio picante del valle  <\/b><\/h3>\n<p><img decoding=\"async\" class=\" wp-image-8349 alignleft\" src=\"https:\/\/www.lesfleursdugolfe.com\/wp-content\/uploads\/2021\/11\/gourmand-extreme-color-300x300.jpeg\" alt=\"fragancia oriental gourmet extrema sobre fondo rojo\" width=\"132\" height=\"132\" srcset=\"https:\/\/www.lesfleursdugolfe.com\/wp-content\/uploads\/2021\/11\/gourmand-extreme-color-300x300.jpeg 300w, https:\/\/www.lesfleursdugolfe.com\/wp-content\/uploads\/2021\/11\/gourmand-extreme-color-1024x1024.jpeg 1024w, https:\/\/www.lesfleursdugolfe.com\/wp-content\/uploads\/2021\/11\/gourmand-extreme-color-150x150.jpeg 150w, https:\/\/www.lesfleursdugolfe.com\/wp-content\/uploads\/2021\/11\/gourmand-extreme-color-768x768.jpeg 768w, https:\/\/www.lesfleursdugolfe.com\/wp-content\/uploads\/2021\/11\/gourmand-extreme-color-600x600.jpeg 600w, https:\/\/www.lesfleursdugolfe.com\/wp-content\/uploads\/2021\/11\/gourmand-extreme-color-100x100.jpeg 100w, https:\/\/www.lesfleursdugolfe.com\/wp-content\/uploads\/2021\/11\/gourmand-extreme-color.jpeg 1280w\" sizes=\"(max-width: 132px) 100vw, 132px\" \/>Es en medio del <b>desierto donde <\/b>los viajeros extremos que son los beduinos, montan sus tiendas de campa\u00f1a para degustar los<b> platos m\u00e1s sabrosos<\/b>.<b><\/b> Los platos m\u00e1s exquisitos llegan en este <b>momento de delicias<\/b> contrastando con la aridez del desierto.<\/p>\n<p><b>Mil y un olores a especias<\/b> y <b>flores<\/b> excitan todos tus sentidos. Sus papilas gustativas y receptores olfativos se unen en un <b>torbellino de delicias <\/b>que durar\u00e1 toda la noche&#8230;<\/p>\n<h3><b>Una fragancia sensual con flores ex\u00f3ticas y vainilla  <\/b><\/h3>\n<p><img decoding=\"async\" class=\" wp-image-8339 alignright\" src=\"https:\/\/www.lesfleursdugolfe.com\/wp-content\/uploads\/2021\/11\/les-princes-du-golfe-made-in-dubai-300x300.jpeg\" alt=\"la colecci\u00f3n de perfumes de los pr\u00edncipes del golfo hechos en dubai colocados sobre m\u00e1rmol y junto a flores\" width=\"177\" height=\"177\" srcset=\"https:\/\/www.lesfleursdugolfe.com\/wp-content\/uploads\/2021\/11\/les-princes-du-golfe-made-in-dubai-300x300.jpeg 300w, https:\/\/www.lesfleursdugolfe.com\/wp-content\/uploads\/2021\/11\/les-princes-du-golfe-made-in-dubai-1024x1024.jpeg 1024w, https:\/\/www.lesfleursdugolfe.com\/wp-content\/uploads\/2021\/11\/les-princes-du-golfe-made-in-dubai-150x150.jpeg 150w, https:\/\/www.lesfleursdugolfe.com\/wp-content\/uploads\/2021\/11\/les-princes-du-golfe-made-in-dubai-768x768.jpeg 768w, https:\/\/www.lesfleursdugolfe.com\/wp-content\/uploads\/2021\/11\/les-princes-du-golfe-made-in-dubai-600x600.jpeg 600w, https:\/\/www.lesfleursdugolfe.com\/wp-content\/uploads\/2021\/11\/les-princes-du-golfe-made-in-dubai-100x100.jpeg 100w, https:\/\/www.lesfleursdugolfe.com\/wp-content\/uploads\/2021\/11\/les-princes-du-golfe-made-in-dubai.jpeg 1280w\" sizes=\"(max-width: 177px) 100vw, 177px\" \/>Este <b>perfume<\/b> es una hermosa <b>obra de arte<\/b> que dibuja estos momentos y los representa a trav\u00e9s de <b>aromas dulces y sin precedentes<\/b>.<b><\/b><\/p>\n<p>Su nota superior es una maravillosa mezcla de <b>especias<\/b> y <b>flores ex\u00f3ticas<\/b> que saludar\u00e1n su <b>olfato<\/b>. El <a href=\"https:\/\/www.olfastory.com\/matiere\/muguet\" target=\"_blank\" rel=\"noopener\"><b>lirio del<\/b> <\/a>valle hace notar su coraz\u00f3n un paseo por los verdes campos con <b>olores frescos<\/b> y <b>herb\u00e1ceos <\/b> que contrastan con la aridez del desierto. Por \u00faltimo, <b>la vainilla <\/b>y<b> el almizcle<\/b> se funden en notas de fondo para ofrecer una <b>sensualidad<\/b> <b>\u00fanica <\/b> a esta <b>fragancia<\/b>.<\/p>\n<p>Gourmand Extr\u00eame, una <b>fragancia muy apetecible <\/b>&#8230;<\/p>\n","protected":false},"excerpt":{"rendered":"<p><strong>Notas de<\/strong> Salida: Especias, Flores Ex\u00f3ticas<br \/>\n<strong>Nota del coraz\u00f3n<\/strong> : lirio de los valles<br \/>\n<strong>Notas de fondo<\/strong> : Vainilla, Almizcle<\/p>\n<p>Extracto de Perfume Intenso &#8211; Mixto &#8211; 50 ml<br \/>\nColecci\u00f3n Los Pr\u00edncipes del Golfo<br \/>\n<a href=\"\/parfums-made-in-dubai\/\">Hecho en Dubai<\/a><\/p>\n","protected":false},"featured_media":8343,"template":"","meta":{"_acf_changed":false,"jetpack_post_was_ever_published":false},"product_brand":[],"product_cat":[319],"product_tag":[],"class_list":{"0":"post-9989","1":"product","2":"type-product","3":"status-publish","4":"has-post-thumbnail","6":"product_cat-perfumes-mixtos","8":"first","9":"instock","10":"shipping-taxable","11":"purchasable","12":"product-type-simple"},"acf":[],"jetpack_sharing_enabled":true,"_links":{"self":[{"href":"https:\/\/www.lesfleursdugolfe.com\/es\/wp-json\/wp\/v2\/product\/9989","targetHints":{"allow":["GET"]}}],"collection":[{"href":"https:\/\/www.lesfleursdugolfe.com\/es\/wp-json\/wp\/v2\/product"}],"about":[{"href":"https:\/\/www.lesfleursdugolfe.com\/es\/wp-json\/wp\/v2\/types\/product"}],"version-history":[{"count":0,"href":"https:\/\/www.lesfleursdugolfe.com\/es\/wp-json\/wp\/v2\/product\/9989\/revisions"}],"wp:featuredmedia":[{"embeddable":true,"href":"https:\/\/www.lesfleursdugolfe.com\/es\/wp-json\/wp\/v2\/media\/8343"}],"wp:attachment":[{"href":"https:\/\/www.lesfleursdugolfe.com\/es\/wp-json\/wp\/v2\/media?parent=9989"}],"wp:term":[{"taxonomy":"product_brand","embeddable":true,"href":"https:\/\/www.lesfleursdugolfe.com\/es\/wp-json\/wp\/v2\/product_brand?post=9989"},{"taxonomy":"product_cat","embeddable":true,"href":"https:\/\/www.lesfleursdugolfe.com\/es\/wp-json\/wp\/v2\/product_cat?post=9989"},{"taxonomy":"product_tag","embeddable":true,"href":"https:\/\/www.lesfleursdugolfe.com\/es\/wp-json\/wp\/v2\/product_tag?post=9989"}],"curies":[{"name":"wp","href":"https:\/\/api.w.org\/{rel}","templated":true}]}}